{"id":1801,"date":"2019-05-08T01:38:14","date_gmt":"2019-05-08T01:38:14","guid":{"rendered":"https:\/\/prostatecancer.tempocare.ca\/sample-page\/"},"modified":"2025-05-21T13:57:52","modified_gmt":"2025-05-21T13:57:52","slug":"sample-page","status":"publish","type":"page","link":"https:\/\/prostatecancer.tempocare.ca\/fr\/","title":{"rendered":"Accueil"},"content":{"rendered":"","protected":false},"excerpt":{"rendered":"","protected":false},"author":1,"featured_media":5855,"parent":0,"menu_order":0,"comment_status":"closed","ping_status":"open","template":"","meta":{"_acf_changed":false,"footnotes":""},"class_list":["post-1801","page","type-page","status-publish","has-post-thumbnail","hentry"],"acf":[],"yoast_head":"<!-- This site is optimized with the Yoast SEO plugin v24.9 - https:\/\/yoast.com\/wordpress\/plugins\/seo\/ -->\n<title>TEMPO Prostate | G\u00e9rer les d\u00e9fis du cancer de la prostate<\/title>\n<meta name=\"description\" content=\"Aider les hommes et leurs proches aidants \u00e0 surmonter les d\u00e9fis du cancer de la prostate, \u00e9tape par \u00e9tape, gr\u00e2ce \u00e0 TEMPO, un programme interactif de gestion de la sant\u00e9 en ligne.\" \/>\n<meta name=\"robots\" content=\"index, follow, max-snippet:-1, max-image-preview:large, max-video-preview:-1\" \/>\n<link rel=\"canonical\" href=\"https:\/\/prostatecancer.tempocare.ca\/fr\/\" \/>\n<meta property=\"og:locale\" content=\"fr_FR\" \/>\n<meta property=\"og:type\" content=\"article\" \/>\n<meta property=\"og:title\" content=\"TEMPO Prostate | G\u00e9rer les d\u00e9fis du cancer de la prostate\" \/>\n<meta property=\"og:description\" content=\"Aider les hommes et leurs proches aidants \u00e0 surmonter les d\u00e9fis du cancer de la prostate, \u00e9tape par \u00e9tape, gr\u00e2ce \u00e0 TEMPO, un programme interactif de gestion de la sant\u00e9 en ligne.\" \/>\n<meta property=\"og:url\" content=\"https:\/\/prostatecancer.tempocare.ca\/fr\/\" \/>\n<meta property=\"og:site_name\" content=\"TEMPO\" \/>\n<meta property=\"article:modified_time\" content=\"2025-05-21T13:57:52+00:00\" \/>\n<meta property=\"og:image\" content=\"https:\/\/prostatecancer.tempocare.ca\/wp-content\/uploads\/2025\/04\/tempo-social-share-image.jpg\" \/>\n\t<meta property=\"og:image:width\" content=\"1280\" \/>\n\t<meta property=\"og:image:height\" content=\"720\" \/>\n\t<meta property=\"og:image:type\" content=\"image\/jpeg\" \/>\n<meta name=\"twitter:card\" content=\"summary_large_image\" \/>\n<meta name=\"twitter:title\" content=\"TEMPO Prostate | G\u00e9rer les d\u00e9fis du cancer de la prostate\" \/>\n<meta name=\"twitter:description\" content=\"Aider les hommes et leurs proches aidants \u00e0 surmonter les d\u00e9fis du cancer de la prostate, \u00e9tape par \u00e9tape, gr\u00e2ce \u00e0 TEMPO, un programme interactif de gestion de la sant\u00e9 en ligne.\" \/>\n<meta name=\"twitter:image\" content=\"https:\/\/prostatecancer.tempocare.ca\/wp-content\/uploads\/2025\/04\/tempo-social-share-image.jpg\" \/>\n<meta name=\"twitter:label1\" content=\"Est. reading time\" \/>\n\t<meta name=\"twitter:data1\" content=\"1 minute\" \/>\n<script type=\"application\/ld+json\" class=\"yoast-schema-graph\">{\"@context\":\"https:\/\/schema.org\",\"@graph\":[{\"@type\":\"WebPage\",\"@id\":\"https:\/\/prostatecancer.tempocare.ca\/fr\/\",\"url\":\"https:\/\/prostatecancer.tempocare.ca\/fr\/\",\"name\":\"TEMPO Prostate | G\u00e9rer les d\u00e9fis du cancer de la prostate\",\"isPartOf\":{\"@id\":\"https:\/\/prostatecancer.tempocare.ca\/fr\/#website\"},\"primaryImageOfPage\":{\"@id\":\"https:\/\/prostatecancer.tempocare.ca\/fr\/#primaryimage\"},\"image\":{\"@id\":\"https:\/\/prostatecancer.tempocare.ca\/fr\/#primaryimage\"},\"thumbnailUrl\":\"https:\/\/prostatecancer.tempocare.ca\/wp-content\/uploads\/2025\/04\/tempo-social-share-image.jpg\",\"datePublished\":\"2019-05-08T01:38:14+00:00\",\"dateModified\":\"2025-05-21T13:57:52+00:00\",\"description\":\"Aider les hommes et leurs proches aidants \u00e0 surmonter les d\u00e9fis du cancer de la prostate, \u00e9tape par \u00e9tape, gr\u00e2ce \u00e0 TEMPO, un programme interactif de gestion de la sant\u00e9 en ligne.\",\"breadcrumb\":{\"@id\":\"https:\/\/prostatecancer.tempocare.ca\/fr\/#breadcrumb\"},\"inLanguage\":\"fr-FR\",\"potentialAction\":[{\"@type\":\"ReadAction\",\"target\":[\"https:\/\/prostatecancer.tempocare.ca\/fr\/\"]}]},{\"@type\":\"ImageObject\",\"inLanguage\":\"fr-FR\",\"@id\":\"https:\/\/prostatecancer.tempocare.ca\/fr\/#primaryimage\",\"url\":\"https:\/\/prostatecancer.tempocare.ca\/wp-content\/uploads\/2025\/04\/tempo-social-share-image.jpg\",\"contentUrl\":\"https:\/\/prostatecancer.tempocare.ca\/wp-content\/uploads\/2025\/04\/tempo-social-share-image.jpg\",\"width\":1280,\"height\":720},{\"@type\":\"BreadcrumbList\",\"@id\":\"https:\/\/prostatecancer.tempocare.ca\/fr\/#breadcrumb\",\"itemListElement\":[{\"@type\":\"ListItem\",\"position\":1,\"name\":\"Home\",\"item\":\"https:\/\/prostatecancer.tempocare.ca\/fr\/\"},{\"@type\":\"ListItem\",\"position\":2,\"name\":\"Accueil\"}]},{\"@type\":\"WebSite\",\"@id\":\"https:\/\/prostatecancer.tempocare.ca\/fr\/#website\",\"url\":\"https:\/\/prostatecancer.tempocare.ca\/fr\/\",\"name\":\"TEMPO\",\"description\":\"this needs to be update\",\"potentialAction\":[{\"@type\":\"SearchAction\",\"target\":{\"@type\":\"EntryPoint\",\"urlTemplate\":\"https:\/\/prostatecancer.tempocare.ca\/fr\/?s={search_term_string}\"},\"query-input\":{\"@type\":\"PropertyValueSpecification\",\"valueRequired\":true,\"valueName\":\"search_term_string\"}}],\"inLanguage\":\"fr-FR\"}]}<\/script>\n<!-- \/ Yoast SEO plugin. -->","yoast_head_json":{"title":"TEMPO Prostate | G\u00e9rer les d\u00e9fis du cancer de la prostate","description":"Aider les hommes et leurs proches aidants \u00e0 surmonter les d\u00e9fis du cancer de la prostate, \u00e9tape par \u00e9tape, gr\u00e2ce \u00e0 TEMPO, un programme interactif de gestion de la sant\u00e9 en ligne.","robots":{"index":"index","follow":"follow","max-snippet":"max-snippet:-1","max-image-preview":"max-image-preview:large","max-video-preview":"max-video-preview:-1"},"canonical":"https:\/\/prostatecancer.tempocare.ca\/fr\/","og_locale":"fr_FR","og_type":"article","og_title":"TEMPO Prostate | G\u00e9rer les d\u00e9fis du cancer de la prostate","og_description":"Aider les hommes et leurs proches aidants \u00e0 surmonter les d\u00e9fis du cancer de la prostate, \u00e9tape par \u00e9tape, gr\u00e2ce \u00e0 TEMPO, un programme interactif de gestion de la sant\u00e9 en ligne.","og_url":"https:\/\/prostatecancer.tempocare.ca\/fr\/","og_site_name":"TEMPO","article_modified_time":"2025-05-21T13:57:52+00:00","og_image":[{"width":1280,"height":720,"url":"https:\/\/prostatecancer.tempocare.ca\/wp-content\/uploads\/2025\/04\/tempo-social-share-image.jpg","type":"image\/jpeg"}],"twitter_card":"summary_large_image","twitter_title":"TEMPO Prostate | G\u00e9rer les d\u00e9fis du cancer de la prostate","twitter_description":"Aider les hommes et leurs proches aidants \u00e0 surmonter les d\u00e9fis du cancer de la prostate, \u00e9tape par \u00e9tape, gr\u00e2ce \u00e0 TEMPO, un programme interactif de gestion de la sant\u00e9 en ligne.","twitter_image":"https:\/\/prostatecancer.tempocare.ca\/wp-content\/uploads\/2025\/04\/tempo-social-share-image.jpg","twitter_misc":{"Est. reading time":"1 minute"},"schema":{"@context":"https:\/\/schema.org","@graph":[{"@type":"WebPage","@id":"https:\/\/prostatecancer.tempocare.ca\/fr\/","url":"https:\/\/prostatecancer.tempocare.ca\/fr\/","name":"TEMPO Prostate | G\u00e9rer les d\u00e9fis du cancer de la prostate","isPartOf":{"@id":"https:\/\/prostatecancer.tempocare.ca\/fr\/#website"},"primaryImageOfPage":{"@id":"https:\/\/prostatecancer.tempocare.ca\/fr\/#primaryimage"},"image":{"@id":"https:\/\/prostatecancer.tempocare.ca\/fr\/#primaryimage"},"thumbnailUrl":"https:\/\/prostatecancer.tempocare.ca\/wp-content\/uploads\/2025\/04\/tempo-social-share-image.jpg","datePublished":"2019-05-08T01:38:14+00:00","dateModified":"2025-05-21T13:57:52+00:00","description":"Aider les hommes et leurs proches aidants \u00e0 surmonter les d\u00e9fis du cancer de la prostate, \u00e9tape par \u00e9tape, gr\u00e2ce \u00e0 TEMPO, un programme interactif de gestion de la sant\u00e9 en ligne.","breadcrumb":{"@id":"https:\/\/prostatecancer.tempocare.ca\/fr\/#breadcrumb"},"inLanguage":"fr-FR","potentialAction":[{"@type":"ReadAction","target":["https:\/\/prostatecancer.tempocare.ca\/fr\/"]}]},{"@type":"ImageObject","inLanguage":"fr-FR","@id":"https:\/\/prostatecancer.tempocare.ca\/fr\/#primaryimage","url":"https:\/\/prostatecancer.tempocare.ca\/wp-content\/uploads\/2025\/04\/tempo-social-share-image.jpg","contentUrl":"https:\/\/prostatecancer.tempocare.ca\/wp-content\/uploads\/2025\/04\/tempo-social-share-image.jpg","width":1280,"height":720},{"@type":"BreadcrumbList","@id":"https:\/\/prostatecancer.tempocare.ca\/fr\/#breadcrumb","itemListElement":[{"@type":"ListItem","position":1,"name":"Home","item":"https:\/\/prostatecancer.tempocare.ca\/fr\/"},{"@type":"ListItem","position":2,"name":"Accueil"}]},{"@type":"WebSite","@id":"https:\/\/prostatecancer.tempocare.ca\/fr\/#website","url":"https:\/\/prostatecancer.tempocare.ca\/fr\/","name":"TEMPO","description":"this needs to be update","potentialAction":[{"@type":"SearchAction","target":{"@type":"EntryPoint","urlTemplate":"https:\/\/prostatecancer.tempocare.ca\/fr\/?s={search_term_string}"},"query-input":{"@type":"PropertyValueSpecification","valueRequired":true,"valueName":"search_term_string"}}],"inLanguage":"fr-FR"}]}},"_links":{"self":[{"href":"https:\/\/prostatecancer.tempocare.ca\/fr\/wp-json\/wp\/v2\/pages\/1801","targetHints":{"allow":["GET"]}}],"collection":[{"href":"https:\/\/prostatecancer.tempocare.ca\/fr\/wp-json\/wp\/v2\/pages"}],"about":[{"href":"https:\/\/prostatecancer.tempocare.ca\/fr\/wp-json\/wp\/v2\/types\/page"}],"author":[{"embeddable":true,"href":"https:\/\/prostatecancer.tempocare.ca\/fr\/wp-json\/wp\/v2\/users\/1"}],"replies":[{"embeddable":true,"href":"https:\/\/prostatecancer.tempocare.ca\/fr\/wp-json\/wp\/v2\/comments?post=1801"}],"version-history":[{"count":0,"href":"https:\/\/prostatecancer.tempocare.ca\/fr\/wp-json\/wp\/v2\/pages\/1801\/revisions"}],"wp:featuredmedia":[{"embeddable":true,"href":"https:\/\/prostatecancer.tempocare.ca\/fr\/wp-json\/wp\/v2\/media\/5855"}],"wp:attachment":[{"href":"https:\/\/prostatecancer.tempocare.ca\/fr\/wp-json\/wp\/v2\/media?parent=1801"}],"curies":[{"name":"wp","href":"https:\/\/api.w.org\/{rel}","templated":true}]}}