{"id":2505,"date":"2024-02-22T15:20:00","date_gmt":"2024-02-22T15:20:00","guid":{"rendered":"https:\/\/prostatecancer.tempocare.ca\/reset-password\/"},"modified":"2025-04-29T14:49:55","modified_gmt":"2025-04-29T14:49:55","slug":"reinitialiser-le-mot-de-passe","status":"publish","type":"page","link":"https:\/\/prostatecancer.tempocare.ca\/fr\/reinitialiser-le-mot-de-passe\/","title":{"rendered":"R\u00e9initialiser le mot de passe"},"content":{"rendered":"<h2>Mot de passe oubli\u00e9 ?<\/h2>\n<p>Veuillez saisir le nom d&#8217;utilisateur ou l&#8217;adresse \u00e9lectronique associ\u00e9s \u00e0 votre compte.<\/p>\n\t<div class=\"learndash-wrapper\">\n\t\t<div class=\"learndash-wrapper\">\n\t<div id=\"learndash-reset-password-wrapper\" >\n\t\t\t<form action=\"\" method=\"POST\">\n\t\t\t<p>\n\t\t\t\t<label for=\"reset_password\">Username or Email Address<\/label>\n\t\t\t\t<input type=\"text\" name=\"user_login\" id=\"user_login\" autocapitalize=\"off\" autocomplete=\"off\" \/>\n\t\t\t\t<input type=\"hidden\" id=\"learndash-reset-password-form-nonce\" name=\"learndash-reset-password-form-nonce\" value=\"ba160f9dfa\" \/><input type=\"hidden\" name=\"_wp_http_referer\" value=\"\/fr\/wp-json\/wp\/v2\/pages\/2505\" \/>\t\t\t<\/p>\n\t\t\t<input type=\"submit\" value=\"Reset Password\"\/>\n\t\t<\/form>\n\t\t\t<\/div>\n\t<\/div>\n\t\n","protected":false},"excerpt":{"rendered":"<p>Mot de passe oubli\u00e9 ? Veuillez saisir le nom d&#8217;utilisateur ou l&#8217;adresse \u00e9lectronique associ\u00e9s \u00e0 votre compte.<\/p>\n","protected":false},"author":2,"featured_media":0,"parent":0,"menu_order":0,"comment_status":"closed","ping_status":"closed","template":"page-templates\/page-reset-password.php","meta":{"_acf_changed":false,"footnotes":""},"class_list":["post-2505","page","type-page","status-publish","hentry"],"acf":[],"yoast_head":"<!-- This site is optimized with the Yoast SEO plugin v24.9 - https:\/\/yoast.com\/wordpress\/plugins\/seo\/ -->\n<title>R\u00e9initialiser le mot de passe - TEMPO<\/title>\n<meta name=\"robots\" content=\"noindex, nofollow\" \/>\n<meta property=\"og:locale\" content=\"fr_FR\" \/>\n<meta property=\"og:type\" content=\"article\" \/>\n<meta property=\"og:title\" content=\"R\u00e9initialiser le mot de passe - TEMPO\" \/>\n<meta property=\"og:description\" content=\"Mot de passe oubli\u00e9 ? Veuillez saisir le nom d&#8217;utilisateur ou l&#8217;adresse \u00e9lectronique associ\u00e9s \u00e0 votre compte.\" \/>\n<meta property=\"og:url\" content=\"https:\/\/prostatecancer.tempocare.ca\/fr\/reinitialiser-le-mot-de-passe\/\" \/>\n<meta property=\"og:site_name\" content=\"TEMPO\" \/>\n<meta property=\"article:modified_time\" content=\"2025-04-29T14:49:55+00:00\" \/>\n<meta property=\"og:image\" content=\"https:\/\/prostatecancer.tempocare.ca\/wp-content\/uploads\/2025\/04\/tempo-social-share-image.jpg\" \/>\n\t<meta property=\"og:image:width\" content=\"1280\" \/>\n\t<meta property=\"og:image:height\" content=\"720\" \/>\n\t<meta property=\"og:image:type\" content=\"image\/jpeg\" \/>\n<meta name=\"twitter:card\" content=\"summary_large_image\" \/>\n<meta name=\"twitter:label1\" content=\"Est. reading time\" \/>\n\t<meta name=\"twitter:data1\" content=\"1 minute\" \/>\n<script type=\"application\/ld+json\" class=\"yoast-schema-graph\">{\"@context\":\"https:\/\/schema.org\",\"@graph\":[{\"@type\":\"WebPage\",\"@id\":\"https:\/\/prostatecancer.tempocare.ca\/fr\/reinitialiser-le-mot-de-passe\/\",\"url\":\"https:\/\/prostatecancer.tempocare.ca\/fr\/reinitialiser-le-mot-de-passe\/\",\"name\":\"R\u00e9initialiser le mot de passe - TEMPO\",\"isPartOf\":{\"@id\":\"https:\/\/prostatecancer.tempocare.ca\/fr\/#website\"},\"datePublished\":\"2024-02-22T15:20:00+00:00\",\"dateModified\":\"2025-04-29T14:49:55+00:00\",\"breadcrumb\":{\"@id\":\"https:\/\/prostatecancer.tempocare.ca\/fr\/reinitialiser-le-mot-de-passe\/#breadcrumb\"},\"inLanguage\":\"fr-FR\",\"potentialAction\":[{\"@type\":\"ReadAction\",\"target\":[\"https:\/\/prostatecancer.tempocare.ca\/fr\/reinitialiser-le-mot-de-passe\/\"]}]},{\"@type\":\"BreadcrumbList\",\"@id\":\"https:\/\/prostatecancer.tempocare.ca\/fr\/reinitialiser-le-mot-de-passe\/#breadcrumb\",\"itemListElement\":[{\"@type\":\"ListItem\",\"position\":1,\"name\":\"Home\",\"item\":\"https:\/\/prostatecancer.tempocare.ca\/fr\/\"},{\"@type\":\"ListItem\",\"position\":2,\"name\":\"R\u00e9initialiser le mot de passe\"}]},{\"@type\":\"WebSite\",\"@id\":\"https:\/\/prostatecancer.tempocare.ca\/fr\/#website\",\"url\":\"https:\/\/prostatecancer.tempocare.ca\/fr\/\",\"name\":\"TEMPO\",\"description\":\"this needs to be update\",\"potentialAction\":[{\"@type\":\"SearchAction\",\"target\":{\"@type\":\"EntryPoint\",\"urlTemplate\":\"https:\/\/prostatecancer.tempocare.ca\/fr\/?s={search_term_string}\"},\"query-input\":{\"@type\":\"PropertyValueSpecification\",\"valueRequired\":true,\"valueName\":\"search_term_string\"}}],\"inLanguage\":\"fr-FR\"}]}<\/script>\n<!-- \/ Yoast SEO plugin. -->","yoast_head_json":{"title":"R\u00e9initialiser le mot de passe - TEMPO","robots":{"index":"noindex","follow":"nofollow"},"og_locale":"fr_FR","og_type":"article","og_title":"R\u00e9initialiser le mot de passe - TEMPO","og_description":"Mot de passe oubli\u00e9 ? Veuillez saisir le nom d&#8217;utilisateur ou l&#8217;adresse \u00e9lectronique associ\u00e9s \u00e0 votre compte.","og_url":"https:\/\/prostatecancer.tempocare.ca\/fr\/reinitialiser-le-mot-de-passe\/","og_site_name":"TEMPO","article_modified_time":"2025-04-29T14:49:55+00:00","og_image":[{"width":1280,"height":720,"url":"https:\/\/prostatecancer.tempocare.ca\/wp-content\/uploads\/2025\/04\/tempo-social-share-image.jpg","type":"image\/jpeg"}],"twitter_card":"summary_large_image","twitter_misc":{"Est. reading time":"1 minute"},"schema":{"@context":"https:\/\/schema.org","@graph":[{"@type":"WebPage","@id":"https:\/\/prostatecancer.tempocare.ca\/fr\/reinitialiser-le-mot-de-passe\/","url":"https:\/\/prostatecancer.tempocare.ca\/fr\/reinitialiser-le-mot-de-passe\/","name":"R\u00e9initialiser le mot de passe - TEMPO","isPartOf":{"@id":"https:\/\/prostatecancer.tempocare.ca\/fr\/#website"},"datePublished":"2024-02-22T15:20:00+00:00","dateModified":"2025-04-29T14:49:55+00:00","breadcrumb":{"@id":"https:\/\/prostatecancer.tempocare.ca\/fr\/reinitialiser-le-mot-de-passe\/#breadcrumb"},"inLanguage":"fr-FR","potentialAction":[{"@type":"ReadAction","target":["https:\/\/prostatecancer.tempocare.ca\/fr\/reinitialiser-le-mot-de-passe\/"]}]},{"@type":"BreadcrumbList","@id":"https:\/\/prostatecancer.tempocare.ca\/fr\/reinitialiser-le-mot-de-passe\/#breadcrumb","itemListElement":[{"@type":"ListItem","position":1,"name":"Home","item":"https:\/\/prostatecancer.tempocare.ca\/fr\/"},{"@type":"ListItem","position":2,"name":"R\u00e9initialiser le mot de passe"}]},{"@type":"WebSite","@id":"https:\/\/prostatecancer.tempocare.ca\/fr\/#website","url":"https:\/\/prostatecancer.tempocare.ca\/fr\/","name":"TEMPO","description":"this needs to be update","potentialAction":[{"@type":"SearchAction","target":{"@type":"EntryPoint","urlTemplate":"https:\/\/prostatecancer.tempocare.ca\/fr\/?s={search_term_string}"},"query-input":{"@type":"PropertyValueSpecification","valueRequired":true,"valueName":"search_term_string"}}],"inLanguage":"fr-FR"}]}},"_links":{"self":[{"href":"https:\/\/prostatecancer.tempocare.ca\/fr\/wp-json\/wp\/v2\/pages\/2505","targetHints":{"allow":["GET"]}}],"collection":[{"href":"https:\/\/prostatecancer.tempocare.ca\/fr\/wp-json\/wp\/v2\/pages"}],"about":[{"href":"https:\/\/prostatecancer.tempocare.ca\/fr\/wp-json\/wp\/v2\/types\/page"}],"author":[{"embeddable":true,"href":"https:\/\/prostatecancer.tempocare.ca\/fr\/wp-json\/wp\/v2\/users\/2"}],"replies":[{"embeddable":true,"href":"https:\/\/prostatecancer.tempocare.ca\/fr\/wp-json\/wp\/v2\/comments?post=2505"}],"version-history":[{"count":0,"href":"https:\/\/prostatecancer.tempocare.ca\/fr\/wp-json\/wp\/v2\/pages\/2505\/revisions"}],"wp:attachment":[{"href":"https:\/\/prostatecancer.tempocare.ca\/fr\/wp-json\/wp\/v2\/media?parent=2505"}],"curies":[{"name":"wp","href":"https:\/\/api.w.org\/{rel}","templated":true}]}}